{"id":333,"date":"2017-11-17T14:31:05","date_gmt":"2017-11-17T14:31:05","guid":{"rendered":"http:\/\/ackermann.archaeovision.eu\/?page_id=333"},"modified":"2021-05-12T19:09:33","modified_gmt":"2021-05-12T16:09:33","slug":"about","status":"publish","type":"page","link":"https:\/\/dev.ackermann.ee\/en\/about\/","title":{"rendered":"The Research Project \u2018Christian Ackermann \u2013 Tallinn\u2019s Phidias, Arrogant and Talented\u2019"},"content":{"rendered":"<p>The objective of the project is to rescue from oblivion Christian Ackermann, Estonia\u2019s most scandalous and talented sculptor of the baroque era. Ackermann was a master artist who merits attention not only in Estonia, but also in the entire Baltic region: he has tied and continues to tie local Estonian (art) culture to Western Europe through his life and oeuvre. Ackermann, who even during his own lifetime was referred to as \u201cTallinn\u2019s Phidias\u201d, in reference to the ancient Greek sculptor, broke out of the rigid guild system that had endured for centuries. All of northern Estonia\u2019s most beautiful retables, pulpits, memorial coats of arms, crucifixes and other ecclesiastical furnishing elements were made in his workshop in 1680\u20131710.<\/p>\n<p>The results of the completed research can be found in the project\u2019s web-based platform ackermann.ee, which includes interactive 3D models of Ackermann\u2019s carved sculptures, which provide an excellent opportunity for close inspection and comparison of the sculptures; x-rays made in cooperation with specialists from the Estonian Tax and Customs Board, through which we can look into the sculptures and analyse the master\u2019s modes of working; material analyses carried out together with natural scientists from the University of Tartu and the Estonian Environmental Research Centre, which reveal the baroque vividness of colour concealed under later coats of paint; and much more. This knowledge helps to describe historical practices in art and to draw more certain conclusions than was hitherto possible concerning Ackermann\u2019s authorship.<\/p>\n<p>The project began on the scaffolding in Tallinn\u2019s Cathedral with an analysis of the sculptor\u2019s masterpiece, the retable of the Swedish era royal cathedral, and continued in 2017 with analyses of Ackermann\u2019s works located in churches in Martna, Karuse, Lihula and T\u00fcri, and in Tallinn\u2019s Swedish St. Michael\u2019s Church. The research team will move on to churches in Juuru, J\u00e4rva-Madise, Rapla, Simuna, Vigala and elsewhere in Estonia where works are found that have been ascribed to Ackermann.<\/p>\n<p>This interdisciplinary research project will culminate in 2020 with a compendious book and exhibition at the Art Museum of Estonia Niguliste Museum and in 2021 pop-up exhibitions in the home churches of Ackermann\u2019s works. In 2021-2022 the analysis of the gathered data and the publication of synthesising academic articles will continue.<\/p>\n<h3>Project:<\/h3>\n<div class=\"video-container\"><iframe loading=\"lazy\" src=\"https:\/\/www.youtube.com\/embed\/NVk2kCYE-9Y?feature=oembed\" width=\"500\" height=\"281\" frameborder=\"0\" allowfullscreen=\"allowfullscreen\"><\/iframe><\/div>\n<table>\n<tbody>\n<tr>\n<td width=\"33%\">\n<h3>Coordinators of the project:<\/h3>\n<ul>\n<li>Estonian Academy of Arts (EKA)<\/li>\n<li>Art Museum of Estonia (EKM)<\/li>\n<li>Estonian Evangelical Lutheran Church (EELK)<\/li>\n<\/ul>\n<\/td>\n<td width=\"33%\">\n<h3>Chief executors:<\/h3>\n<ul>\n<li>Prof Hilkka Hiiop<\/li>\n<li>Dr Tiina-Mall Kreem<\/li>\n<li>Dr Anneli Randla<\/li>\n<li>Isabel Aaso-Zahradnikova<\/li>\n<li>Andres Uueni<\/li>\n<\/ul>\n<\/td>\n<td width=\"33%\">\n<h3>Executors:<\/h3>\n<ul>\n<li>Dr Alar L\u00e4\u00e4nelaid<\/li>\n<li>Dr Riin Rebane<\/li>\n<li>Dr Signe Vahur<\/li>\n<li>Triin Kr\u00f6\u00f6nstr\u00f6m<\/li>\n<li>Peeter S\u00e4re<\/li>\n<li>Johanna Lamp<\/li>\n<li>Merike Kurisoo<\/li>\n<li>Tarmo Saaret<\/li>\n<\/ul>\n<\/td>\n<\/tr>\n<tr>\n<td>\n<h3>Collaborators:<\/h3>\n<ul>\n<li>EELK Council on Cultural Values<\/li>\n<li>EELK congregations<\/li>\n<li>National Heritage Board<\/li>\n<li>Estonian Tax and Customs Board<\/li>\n<li>University of Tartu, Department of Analytical Chemistry<\/li>\n<li>University of Tartu, Department of Geography<\/li>\n<li>Estonian Environmental Research Centre<\/li>\n<li>Estonian Centre of Analytical Chemistry<\/li>\n<li>Tallinn City Archives<\/li>\n<li>R\u00e4ndmeister O\u00dc<\/li>\n<li>Archaeovision O\u00dc<\/li>\n<li>Vatson O\u00dc<\/li>\n<li>Heritage Conservation Division of Tallinn\u2019s Urban Planning Department<\/li>\n<\/ul>\n<\/td>\n<td>\n<h3>Locales where the project is being carried out:<\/h3>\n<ul>\n<li>EELK Episcopal Cathedral in Tallinn<\/li>\n<li>Art Museum of Estonia: Niguliste Museum<\/li>\n<li>EELK Swedish St. Michael\u2019s Church in Tallinn<\/li>\n<li>EELK Church of the Holy Spirit in Tallinn<\/li>\n<li>EELK rural churches: Karuse, T\u00fcri, Rapla, Martna, Simuna, Koeru, Vigala, Hageri, Juuru, J\u00e4rva-Madise, Lihula and Kullamaa<\/li>\n<\/ul>\n<\/td>\n<td>\n<h3>Supporters:<\/h3>\n<ul>\n<li>Estonian Research Council<\/li>\n<li>B\u00f6ckler-Mare-Balticum-Stiftung<\/li>\n<li>Estonian Tax and Customs Board<\/li>\n<li>Estonian Academy of Arts<\/li>\n<li>Art Museum of Estonia<\/li>\n<li>Estonian Evangelical Lutheran Church<\/li>\n<li>National Heritage Board<\/li>\n<li>Estonian Cultural Endowment<\/li>\n<\/ul>\n<\/td>\n<\/tr>\n<\/tbody>\n<\/table>\n<h3>Exhibition:<\/h3>\n<div style=\"padding: 56.25% 0 0 0; position: relative;\"><iframe style=\"position: absolute; top: 0; left: 0; width: 100%; height: 100%;\" src=\"https:\/\/player.vimeo.com\/video\/545394193?byline=0\" frameborder=\"0\" allowfullscreen=\"allowfullscreen\"><\/iframe><\/div>\n<p><script src=\"https:\/\/player.vimeo.com\/api\/player.js\"><\/script><\/p>\n<h3>Publication:<\/h3>\n<p><img loading=\"lazy\" decoding=\"async\" class=\"wp-image-6518 size-large aligncenter\" src=\"https:\/\/dev.ackermann.ee\/wp-content\/uploads\/\/Ackermann-kaas-782x1024.jpg\" alt=\"\" width=\"782\" height=\"1024\" srcset=\"https:\/\/dev.ackermann.ee\/wp-content\/uploads\/Ackermann-kaas-782x1024.jpg 782w, https:\/\/dev.ackermann.ee\/wp-content\/uploads\/Ackermann-kaas-229x300.jpg 229w, https:\/\/dev.ackermann.ee\/wp-content\/uploads\/Ackermann-kaas-768x1006.jpg 768w, https:\/\/dev.ackermann.ee\/wp-content\/uploads\/Ackermann-kaas-1173x1536.jpg 1173w, https:\/\/dev.ackermann.ee\/wp-content\/uploads\/Ackermann-kaas-1564x2048.jpg 1564w, https:\/\/dev.ackermann.ee\/wp-content\/uploads\/Ackermann-kaas.jpg 1732w\" sizes=\"auto, (max-width: 782px) 100vw, 782px\" \/><\/p>\n<h3>Media coverage and publications:<\/h3>\n<div class=\"media__items media__items--collapsed\">\n<p><a href=\"https:\/\/kultuur.err.ee\/1608210022\/hilkka-hiiop-soovitab-christian-ackermanni-teosed-eesti-kirikutes\"><strong>Hilkka Hiiop soovitab: Christian Ackermanni teosed Eesti kirikutes.<\/strong><\/a> ETV Terevisioon, 12.05.2021<\/p>\n<p><a href=\"https:\/\/raadio7.ee\/saated\/?sapurl=Lys0c2ZwL2xiL21pLys0OXA4eGJnP2JyYW5kaW5nPXRydWUmZW1iZWQ9dHJ1ZQ==\"><strong>Christian Ackermann-Eesti Phedias? <\/strong><\/a>Tiina-Mall Kreem. Raadio 7 audio broadcast<\/p>\n<p class=\"title style-scope ytd-video-primary-info-renderer\"><strong><a href=\"https:\/\/www.youtube.com\/watch?v=NqC7PH8R7II\">Christian Ackermanni elu ja looming.<\/a>\u00a0<\/strong>Tiina-Mall Kreem. Raadio 7 video broadcast<\/p>\n<p class=\"title style-scope ytd-video-primary-info-renderer\"><strong style=\"font-size: inherit;\"><a href=\"https:\/\/www.sirp.ee\/s1-artiklid\/c6-kunst\/tallinna-pheidiase-taasavastamine\/\">Tallinna Pheidiase taasavastamine. <\/a><\/strong><span style=\"font-size: inherit;\">Krista Kodres. Sirp, 29.01.2021<\/span><\/p>\n<p><strong><a href=\"https:\/\/vikerraadio.err.ee\/1226347\/eesti-lugu-christian-ackermann-nigulistes\">Eesti lugu. Christian Ackermann Nigulistes. Tiina-Mall Kreem<\/a><\/strong>. Vikerraadio, 16.01.2021<\/p>\n<p><strong>Laseri ja mikroskoobiga Ackermanni avastamas.<\/strong> Hilkka Hiiop, Andres Uueni. Imeline ajalugu 1 \/ 2021<\/p>\n<p><a href=\"http:\/\/kes-kus.ee\/konservatiivide-kiuste-baroki-maaletooja-tallinnas\/\"><strong>Konservatiivide kiuste: baroki maaletooja Tallinnas.<\/strong> <\/a>Triin Kr\u00f6\u00f6nstr\u00f6m. KesKus, detsember 2020 &#8211; jaanuar 2021<\/p>\n<p><a href=\"https:\/\/vikerraadio.err.ee\/1214008\/eesti-lugu-christian-ackermanni-meistriteosed\"><strong>Eesti lugu. Cristian Ackermanni meistriteosed. Triin Kr\u00f6\u00f6nstr\u00f6m. <\/strong><\/a>Vikerraadio, 02.01.2020<\/p>\n<p><strong><a href=\"https:\/\/vikerraadio.err.ee\/1206202\/eesti-lugu-vabameister-christian-ackermann\">Eesti lugu. Vabameister Christian Ackermann<\/a><\/strong>. Vikerraadio, 26.12.2020<\/p>\n<p><a href=\"https:\/\/etv.err.ee\/1160832\/ringvaade\"><strong>Ringvaade Nigulistes Ackermanni n\u00e4itusel<\/strong><\/a> (00:26:38). ERR, Ringvaade, 3.12.2020<\/p>\n<p><a href=\"https:\/\/vikerraadio.err.ee\/1159448\/kirikuelu-eesti-barokiajastu-puunikerdaja-c-ackermann-oigeusk-eestis\"><strong>Kirikuelu. Eesti barokiajastu puunikerdaja C. Ackermann. <\/strong><\/a>Vikerraadio, 29.11.2020<\/p>\n<p><strong><a href=\"http:\/\/Harry Liivrandi kunstisoovitused: Tiit P\u00e4\u00e4suke, Christian Ackermann ja Jaan Elken\" data-wplink-url-error=\"true\">Harry Liivrandi kunstisoovitused: Tiit P\u00e4\u00e4suke, Christian Ackermann ja Jaan Elken<\/a>, <\/strong>Terevisioon, 19.11.2020<\/p>\n<p><a href=\"https:\/\/leht.postimees.ee\/7113265\/kes-ei-tahaks-naha-kristuse-sisikonda\"><strong>Kes ei tahaks n\u00e4ha Kristuse sisikonda<\/strong><\/a>. Postimees, 18.11.2020<\/p>\n<p><strong><a href=\"https:\/\/maaleht.delfi.ee\/elu\/kultusskulptori-nikerdatud-maakirikute-puhakujud-soitsid-tallinna-korgtehnoloogisele-uurimisele-ja-valjanaitusele?id=91629177\">Kultus\u00adskulptori nikerdatud maakirikute p\u00fchakujud s\u00f5itsid Tallinna k\u00f5rgtehnoloogisele uurimisele ja v\u00e4ljan\u00e4itusele<\/a><\/strong>. Maaleht, 12.11.2020<\/p>\n<p><strong><a href=\"https:\/\/kultuur.err.ee\/1157010\/niguliste-kirikus-naitusel-olevast-christian-ackermanni-toost-leiti-pussikuul\">Niguliste kirikus n\u00e4itusel olevast Christian Ackermanni t\u00f6\u00f6st leiti p\u00fcssikuul<\/a>. <\/strong>ERR, 9.11.2020<\/p>\n<p><strong><a href=\"http:\/\/www.pealinn.ee\/newset\/niguliste-muuseumi-naitusel-saab-tutvuda-uusajal-furoori-tekitanud-n259642\">N\u00e4ituse avamisest portaalis Pealinn<\/a><\/strong>; 02.11.20<\/p>\n<p><a style=\"font-size: inherit;\" href=\"https:\/\/online.le.ee\/2020\/11\/03\/laanemaa-kirikute-skulptuurid-on-reedest-nigulistes-suurejoonelisel-naitusel\/\"><strong>L\u00e4\u00e4nemaa kirikute skulptuurid on reedest Nigulistes suurejoonelisel n\u00e4itusel. <\/strong><\/a><span style=\"font-size: inherit;\">L\u00e4\u00e4ne Elu, 3.11.2020<\/span><\/p>\n<p><strong><a href=\"https:\/\/kultuur.err.ee\/1153973\/niguliste-muuseumi-uus-naitus-tutvustab-christian-ackermanni-loomingut\">Uudis n\u00e4itusest ERR-i portaalis<\/a><\/strong>; 02.11.20<\/p>\n<\/div>\n<p><strong><a href=\"https:\/\/online.le.ee\/2020\/10\/08\/laanemaa-kirikuvarad-soitsid-tallinna-naitusele\/\">L\u00e4\u00e4nemaa kirikuvarad s\u00f5itsid Tallinna n\u00e4itusele<\/a>. <\/strong>L\u00e4\u00e4ne Elu, 8.10.2020<\/p>\n<p><strong><a href=\"https:\/\/kultuur.err.ee\/1075562\/kunstiakadeemias-restaureeritakse-haruldast-krutsifiksi\">Kunstiakadeemias restaureeritakse haruldast krutsifiksi,<\/a>\u00a0<\/strong>ERR, 9.04.2020<\/p>\n<p><strong><a href=\"https:\/\/www.postimees.ee\/6737824\/ainulaadne-uuring-avab-skandaalse-eesti-kunstniku-hingeelu\">Ainulaadne uuring avab skandaalse Eesti kunstniku hingeelu<\/a><\/strong>, Postimees, 25.07.2019<\/p>\n<p><strong><a href=\"https:\/\/s\u00f5numid.ee\/2019\/06\/ackermanni-ekskursioon-juuru-kirikus\/\">Ackermanni ekskursioon Juuru kirikus, <\/a><\/strong>Raplamaa S\u00f5numid, 12.06.2019<\/p>\n<p><strong><a href=\"https:\/\/s\u00f5numid.ee\/2019\/06\/juuru-ja-rapla-kirikus-tutvustatakse-ackermanni-loomingut\/\">Juuru ja Rapla kirikus tutvustatakse Ackermanni loomingut<\/a>, <\/strong>Raplamaa S\u00f5numid, 5.06.2019<\/p>\n<p><strong><a href=\"https:\/\/virumaateataja.postimees.ee\/6247770\/tudengid-uurisid-simuna-kiriku-altariseina-hingeelu\">Tudengid uurisid Simuna kiriku altariseina hingeelu. <\/a><\/strong><a href=\"https:\/\/virumaateataja.postimees.ee\/6247770\/tudengid-uurisid-simuna-kiriku-altariseina-hingeelu\">Virumaa Teataja<\/a>, 4.09.2018<\/p>\n<p class=\"entry-title\"><strong><a href=\"https:\/\/online.le.ee\/2018\/08\/29\/uurijad-kullamaa-kiriku-epitaafi-ja-krutsifiksi-ackermanni-loominguks-ei-pea\/\">Uurijad Kullamaa kiriku epitaafi ja krutsifiksi Ackermanni loominguks ei pea<\/a>. <\/strong>L\u00e4\u00e4ne Elu,29.08.2018<\/p>\n<p><a href=\"https:\/\/heureka.postimees.ee\/4512378\/tormilise-elulooga-christian-ackermann-oli-eestimaa-esimene-kunstnikuhing?_ga=2.124355402.1503025153.1530509792-1864539828.1519713733\"><strong>Tormilise elulooga Christian Ackermann oli Eestimaa esimene kunstnikuhing. <\/strong><\/a>Postimees, 2.07.2018<\/p>\n<p><strong><a href=\"https:\/\/jarvateataja.postimees.ee\/4501457\/ulbe-ja-andekas-kunstnik-tegi-koerus-haruldast-tood\">\u00dclbe ja andekas kunstnik tegi Koerus haruldast t\u00f6\u00f6d.<\/a><\/strong> J\u00e4rva Teataja, 9.06.2018<\/p>\n<p><strong><a href=\"https:\/\/dev.ackermann.ee\/wp-content\/uploads\/RaplamaaSonumid.pdf\">Teadlased uurivad Hageri kiriku altariseina m\u00f5istatust<\/a>.<\/strong> Raplamaa S\u00f5numid, 16.05.2018<\/p>\n<p><strong><a href=\"https:\/\/kultuur.err.ee\/831386\/galerii-christian-ackermanni-teoste-uurimine-on-joudnud-raplamaale-hageri-kirikusse\">Christian Ackermanni teoste uurimine on j\u00f5udnud Raplamaale Hageri kirikusse<\/a>.<\/strong> ERR 14.05.2018<\/p>\n<p><strong><a href=\"https:\/\/kultuur.err.ee\/745000\/barokkskulptori-christian-ackermanni-parand-koondati-teadusveebi\">Barokkskulptori Christian Ackermanni p\u00e4rand koondati teadusveebi.<\/a>\u00a0<\/strong>ERR 10.04.2018<\/p>\n<p><strong><a href=\"http:\/\/www.tallinnatv.eu\/uudised\/uudislood\/16930-2018-04-16-puunikerdaja-christian-ackermanni-kohta-saab-nuud-infot-spetsiaalsest-veebiportaalist\">Puunikerdaja Christian Ackermanni kohta saab n\u00fc\u00fcd infot spetsiaalsest veebiportaalist<\/a>. <\/strong>TTV 16.06.2018<\/p>\n<p><strong><a href=\"http:\/\/media.voog.com\/0000\/0031\/5369\/files\/Scripta_Annalia%202017.pdf\">Ackermanni loomingu uurimise uus algus<\/a>.<\/strong> Scripta Annalia 2017 (EELK L\u00e4\u00e4ne praostkonna aastaajakirjad 2017)<\/p>\n<p><strong><a href=\"http:\/\/media.voog.com\/0000\/0031\/5369\/files\/Scripta_Annalia%202017.pdf\">Teadlased uurisid Karuse kiriku kantsli- ja altariskulptuure<\/a>.<\/strong> Scripta Annalia 2017 (EELK L\u00e4\u00e4ne praostkonna aastaajakirjad 2017)<\/p>\n<p><strong><a href=\"https:\/\/dev.ackermann.ee\/wp-content\/uploads\/katedraali-s\u00f5numid-dets-2017_nett.pdf\">Tiina-Mall Kreem: veel kord Ackermannist ja Tallinna toomkiriku altarisenast. <\/a><\/strong>Katedraali s\u00f5numid, J\u00f5ulukuu AD 2017<\/p>\n<p><strong><a href=\"http:\/\/www.tallinn.ee\/est\/kesklinn\/17.-november.pdf\">Toomkiriku altar paljastab barokiajastu saladusi<\/a>.<\/strong> Kesklinna s\u00f5numid 17.11.2017<\/p>\n<div>\n<p><strong><a href=\"https:\/\/jarvateataja.postimees.ee\/4278363\/rontgen-kaarkambris-ja-vale-kaega-ristija-johannes\">R\u00f6ntgen k\u00e4\u00e4rkambris ja vale k\u00e4ega Ristija Johannes<\/a>.<\/strong> J\u00e4rva Teataja 17.10.2017<\/p>\n<p><strong><a href=\"http:\/\/www.eestikirik.ee\/teekond-toomkiriku-altari-tippu-rontgeniga-labivalgustatud-altarisein-paljastas-oma-sisemise-ilu-ja-peensused\/\">Teekond toomkiriku altari tippu. R\u00f6ntgeniga l\u00e4bivalgustatud altarisein paljastas oma sisemise ilu ja peensused<\/a>.<\/strong> Eesti Kirik 10.10.2017 \/ Eesti P\u00e4evaleht 10.10.2017<\/p>\n<p><strong>Karuse kirik pakkus uurijatele m\u00f5istatusi<\/strong>. L\u00e4\u00e4ne Elu 29.06.2017<\/p>\n<p><strong><a href=\"https:\/\/kultuur.err.ee\/604052\/christian-ackermanni-loomingut-uuriv-projekt-joudis-karusele\">Christian Ackermanni loomingut uuriv projekt j\u00f5udis Karusele<\/a>.<\/strong> ERR Kultuur 25.06.2017<\/p>\n<p><strong><a href=\"http:\/\/www.eestikirik.ee\/martna-kiriku-vana-kuld-ja-hobe\/\">Martna kiriku vana kuld ja h\u00f5be<\/a><\/strong>. Eesti Kirik 21.06.2017<\/p>\n<p><strong><a href=\"https:\/\/online.le.ee\/2017\/06\/28\/martna-kiriku-altar-ullatas-uurijaid-varvikirevusega\/\">Martna kiriku altar \u00fcllatas uurijaid v\u00e4rvikirevusega<\/a>.<\/strong> L\u00e4\u00e4ne Elu 28.06.2017<\/p>\n<p><strong><a href=\"https:\/\/online.le.ee\/2017\/06\/16\/tudengid-uurivad-karuse-kirikut\/\">Tudengid uurivad Karuse kirikut<\/a>.<\/strong> L\u00e4\u00e4ne Elu 16.06.2017<\/p>\n<p><strong><a href=\"https:\/\/online.le.ee\/2017\/05\/13\/martna-kirikus-saab-kaasa-elada-altariuurimisele\/\">Martna kirikus saab kaasa elada altariuurimisele<\/a>.<\/strong> L\u00e4\u00e4ne Elu 13.05.2017<b>\n<\/b><\/p>\n<p><strong>Intervjuu Tiina-Mall Kreemiga.<\/strong> Katedraali s\u00f5numid (EELK Tallinna Toomkoguduse infokiri), J\u00fcrikuu AD 2017<\/p>\n<p><strong><a href=\"http:\/\/www.tallinnatv.eu\/uudised\/uudislood\/13107-2017-04-11-allkirjatati-koostoeoelepe-christian-ackermanni-loomingu-uurimiseks\">Allkirjastati koost\u00f6\u00f6lepe Christian Ackermanni loomingu uurimiseks<\/a>.<\/strong> Tallinna TV 11.04.2017<\/p>\n<p><a href=\"https:\/\/kultuur.err.ee\/315048\/tiina-mall-kreem-kohalikud-tsunftimeistrid-nimetasid-ackermanni-pheidiaseks\"><strong>Tiina-Mall Kreem: kohalikud tsunftimeistrid nimetasid Ackermanni Pheidiaseks<\/strong><\/a><strong>.<\/strong> ERR Kultuur 14.12.2016<\/p>\n<p><strong>ARTE Dossier Metropole Tallinn 2016<\/strong>:<a href=\"https:\/\/www.arte.tv\/fr\/videos\/072580-000-A\/dossier-metropole-tallinn\/\"> FRA<\/a>\u00a0\/ <a href=\"https:\/\/www.arte.tv\/de\/videos\/072580-000-A\/metropolenreport-tallinn\/\">GER<\/a><\/p>\n<p><strong><a href=\"https:\/\/kultuur.err.ee\/314632\/tallinna-toomkirikus-algas-altariskulptuuride-uurimine-rontgeni-abil\">Tallinna Toomkirikus algas altariskulptuuride uurimine r\u00f6ntgeni abil<\/a>.<\/strong> ERR Kultuur 15.11.2016<\/p>\n<p><strong><a href=\"https:\/\/reporter.postimees.ee\/3911371\/tallinna-toomkiriku-altariseina-uuritakse-rontgenaparaadiga\">Tallinna Toomkiriku altariseina uuritakse r\u00f6ntgenaparaadiga<\/a>.<\/strong> Kanal 2 Reporter 15.11.2016<\/p>\n<p><strong><a href=\"http:\/\/uudised.tv3.ee\/eesti\/uudis\/2016\/11\/15\/tallinna-toomkirikus-alustati-rontgenaparaadiga-altariseina-uurimist\">Tallinna Toomkirikus alustati r\u00f6ntgenaparaadiga altariseina uurimist<\/a>.<\/strong> TV3 Seitsemesed Uudised 15.11.2016<\/p>\n<p><strong><a href=\"http:\/\/podcast.kuku.postimees.ee\/podcast\/intervjuu-2016-11-150800\/\">Hilkka Hiiopi intervjuu<\/a>.<\/strong> KUKU \u00c4rataja 15.11.2016<\/p>\n<p><strong><a href=\"http:\/\/www.pealinn.ee\/newset\/eksperdid-hakkavad-rontgeniga-toomkiriku-altariseina-uurima-n179745\">Eksperdid hakkavad r\u00f6ntgeniga Toomkiriku altariseina uurima<\/a>.<\/strong> Pealinn 14.11.2016<\/p>\n<p><strong><a href=\"http:\/\/maaleht.delfi.ee\/news\/maaleht\/uudised\/maksu-ja-tolliamet-valgustab-homme-rontgenuuringu-abil-labi-tallinna-toomkiriku-altariseina?id=76261997\">Maksu- ja Tolliamet valgustab homme r\u00f6ntgenuuringu abil l\u00e4bi Tallinna Toomkiriku altariseina<\/a>.<\/strong> Maaleht 14.11.2016<\/p>\n<p><strong><a href=\"http:\/\/www.pealinn.ee\/newset\/eksperdid-asuvad-rontgeniga-uurima-toomkiriku-altariseina-n179618\">Eksperdid asuvad r\u00f6ntgeniga uurima Toomkiriku altariseina<\/a><\/strong>. Pealinn 11.11.2016<\/p>\n<p><strong><a href=\"http:\/\/www.delfi.ee\/news\/paevauudised\/eesti\/maksu-ja-tolliameti-rontgen-uurib-labi-tallinna-toomkiriku-altariseina?id=76234975\">Maksu- ja Tolliameti r\u00f6ntgen uurib l\u00e4bi Tallinna Toomkiriku altariseina<\/a>.<\/strong> Delfi 11.11.2016<\/p>\n<p><strong><a href=\"https:\/\/etv.err.ee\/v\/uudised\/elu\/c8e0cf68-7fe0-4f5d-a622-36123dcb11af\/hannes-hermakula-kais-toomkiriku-tellingutel-turnimas\">Hannes Hermak\u00fcla k\u00e4is toomkiriku tellingutel turnimas<\/a>.<\/strong> ERR Ringvaade 07.11.2016<\/p>\n<p><strong><a href=\"https:\/\/kultuur.err.ee\/314423\/eka-tudengid-loid-toomkirikusse-tellingud\">EKA tudengid l\u00f5id Toomkirikusse tellingud<\/a>.<\/strong> ERR Kultuur 31.10.2016<\/p>\n<p><strong><a href=\"https:\/\/kultuur.postimees.ee\/3886391\/toomkiriku-altari-umber-ehitatakse-tellinguid\">Toomkiriku altari \u00fcmber ehitatakse tellinguid<\/a>.<\/strong> Postimees Kultuur 26.10.2016<\/p>\n<\/div>\n<h3>Other related links:<\/h3>\n<p><strong><a href=\"http:\/\/www.arhitektuuripreemiad.ee\/#project-22-306\">Toomkiriku tellingud arhitektuuripreemiate nominatsioonis.<\/a>\u00a0<\/strong>Eesti Arhitektuuripreemiad 2017<\/p>\n<p><strong><a href=\"https:\/\/www.youtube.com\/watch?v=qSvL7eBCc3c\">Jalutusk\u00e4ik Toomkiriku tellingutel<\/a>.<\/strong> Video 24.11.2017<\/p>\n<p><strong><a href=\"https:\/\/www.youtube.com\/watch?v=K6XaSHr8Y5c&amp;feature=youtu.be\">Toomtellingute montaa\u017e ja demontaa\u017e.<\/a>\u00a0<\/strong>Video 2016-2017<\/p>\n<p><strong><a href=\"https:\/\/www.youtube.com\/watch?v=NVk2kCYE-9Y&amp;feature=youtu.be\">Uurimisprojekti tutvustav video.<\/a>\u00a0<\/strong>08.11.2017<\/p>\n<p><strong><a href=\"https:\/\/www.youtube.com\/watch?v=5CUUPXOILHM&amp;feature=youtu.be\">Tallinna Toomkiriku altari tellingud.<\/a>\u00a0<\/strong>Video november 2017<\/p>\n<p><strong><a href=\"https:\/\/www.instagram.com\/p\/BORhZ0mg0rk\/\">EKA Instagram<\/a>.<\/strong> 2016<\/p>\n<p><strong><a href=\"https:\/\/www.facebook.com\/pg\/EKAsisearhitektuur\/photos\/?tab=album&amp;album_id=1208842752526235\">FB Tellingualbum<\/a>.<\/strong> 2016<\/p>\n<p><strong><a href=\"https:\/\/www.dropbox.com\/sh\/iujim6m4x5npbf1\/AAAn5XpdWLyLrpnkjBUmDR5ba?dl=0\">Tallinn Cathedral scaffolding (Press)<\/a>.<\/strong> 2016<\/p>\n","protected":false},"excerpt":{"rendered":"<p>The objective of the project is to rescue from oblivion Christian Ackermann, Estonia\u2019s most scandalous and talented sculptor of the baroque era. Ackermann was a master artist who merits attention not only in Estonia, but also in the entire Baltic region: he has tied and continues to tie local Estonian (art) culture to Western Europe [&hellip;]<\/p>\n","protected":false},"author":3,"featured_media":0,"parent":0,"menu_order":12,"comment_status":"closed","ping_status":"closed","template":"","meta":{"footnotes":""},"class_list":["post-333","page","type-page","status-publish","hentry"],"better_featured_image":null,"_links":{"self":[{"href":"https:\/\/dev.ackermann.ee\/en\/wp-json\/wp\/v2\/pages\/333","targetHints":{"allow":["GET"]}}],"collection":[{"href":"https:\/\/dev.ackermann.ee\/en\/wp-json\/wp\/v2\/pages"}],"about":[{"href":"https:\/\/dev.ackermann.ee\/en\/wp-json\/wp\/v2\/types\/page"}],"author":[{"embeddable":true,"href":"https:\/\/dev.ackermann.ee\/en\/wp-json\/wp\/v2\/users\/3"}],"replies":[{"embeddable":true,"href":"https:\/\/dev.ackermann.ee\/en\/wp-json\/wp\/v2\/comments?post=333"}],"version-history":[{"count":5,"href":"https:\/\/dev.ackermann.ee\/en\/wp-json\/wp\/v2\/pages\/333\/revisions"}],"predecessor-version":[{"id":7805,"href":"https:\/\/dev.ackermann.ee\/en\/wp-json\/wp\/v2\/pages\/333\/revisions\/7805"}],"wp:attachment":[{"href":"https:\/\/dev.ackermann.ee\/en\/wp-json\/wp\/v2\/media?parent=333"}],"curies":[{"name":"wp","href":"https:\/\/api.w.org\/{rel}","templated":true}]}}